{"id":10,"date":"2024-09-02T20:06:50","date_gmt":"2024-09-02T18:06:50","guid":{"rendered":"http:\/\/localhost\/?page_id=10"},"modified":"2025-02-02T19:24:05","modified_gmt":"2025-02-02T18:24:05","slug":"kontakt","status":"publish","type":"page","link":"https:\/\/www.elmax.biz\/kontakt\/","title":{"rendered":"Kontakt"},"content":{"rendered":"\n\n    <section data-page-header aria-labelledby=\"page-header-title-548\" class=\"section-padding-bottom  alignfull relative mt-clamp-48 md:mt-clamp-64 lg:mt-clamp-80 \">\n\n        \n        <div class=\"container relative z-20\">\n\n            <div class=\"grid grid-cols-1 md:grid-cols-2 gap-clamp-32\">\n\n                <div class=\"flex flex-col gap-clamp-12\">\n\n                                                \n    <p class=\"flex 1 items-center gap-8 mb-12 text-p-s leading-[1] font-semibold text-primary-100\">\n        <span>01<\/span>\n        <span class=\"w-77 h-1 bg-primary-100\"><\/span>\n    <\/p>\n                    \n                    \n    <h1  id=\"page-header-title-548\"  class=\"h2  font-semibold \">\n\n            Pozosta\u0144myw kontakcie\n\n    <\/h1>\n\n\n                <\/div>\n\n                <div class=\"paragraph--m text-neutral-700\"><p>Lorem ipsum dolor sit amet, consectetur adipiscing elit. Nunc rhoncus mauris purus, non ultrices nisi volutpat et. Integer ut libero lectus. Pellentesque eu felis tellus.<\/p>\n<\/div>\n\n            <\/div>\n\n            \n            \n        <\/div>\n\n    <\/section>\n\n\n\n\n\n\n<section aria-labelledby=\"google-map-section-title-\" class=\"alignfull section-margin-bottom\">\n\n    <h2 id=\"google-map-section-title-\" class=\"sr-only\">Mapa strony z danymi kontaktowymi<\/h2>\n\n    <div class=\"container grid grid-cols-1 lg:grid-cols-2 gap-clamp-24\">\n\n        <div class=\"google-map-container h-[58.7rem]\">\n\n            \n                \n                \n                    <div id=\"gmap\" class=\"h-full w-full\" data-key=\"AIzaSyBa7F8VpSSC0Jr3HISLn8JbwwpkUdHcu8c\" data-marker=\"https:\/\/www.elmax.biz\/wp-content\/uploads\/2024\/10\/pin.svg\" data-lng=\"15.876288081486484\" data-lat=\"52.25234799036656\"><\/div>\n\n                \n            \n        <\/div>\n\n        <div class=\"flex flex-col justify-center\">\n\n            <div class=\"px-clamp-32 py-clamp-24 border-b-1 border-solid border-[#3F414580]\">\n\n                <h3 class=\"h4 mb-12 text-neutral-900\">Nasze biuro<\/h3>\n\n                <p class=\"paragraph--m text-neutral-700\">Elmax Automatyka sp. z.o.o.<\/p>\n                                    <p class=\"paragraph--m text-neutral-700\">Cienkiewicz P., Wr\u00f3bel M.<\/p>\n                                <p class=\"paragraph--m text-neutral-700\">ul. Boiskowa 29, 64-360 N\u0105dnia<\/p>\n\n            <\/div>\n\n            <div class=\"px-clamp-32 py-clamp-24 border-b-1 border-solid border-[#3F414580]\">\n\n                <h3 class=\"h4 mb-12 text-neutral-900\">Zadzwo\u0144 do nas<\/h3>\n\n                <div class=\"flex flex-row flex-wrap gap-12 md:gap-30\">\n\n                    \n                        <ul class=\"flex flex-col gap-4\">\n                                                                                            <li><a href=\"tel:+48 695 095 625\" class=\"paragraph--m flex items-center gap-8\">+48 695 095 625<\/a><\/li>\n                                                                                            <li><a href=\"tel:+48 605 903 744\" class=\"paragraph--m flex items-center gap-8\">+48 605 903 744<\/a><\/li>\n                                                    <\/ul>\n\n                    \n                <\/div>\n\n            <\/div>\n\n            <div class=\"px-clamp-32 py-clamp-24 border-b-1 border-solid border-[#3F414580]\">\n\n                <h3 class=\"h4 mb-12 text-neutral-900\">Wy\u015blij wiadomo\u015b\u0107<\/h3>\n\n                <div class=\"flex flex-row flex-wrap gap-12 md:gap-30\">\n\n                    \n                        <ul class=\"flex flex-col gap-4\">\n                                                                                            <li><a href=\"mailto:biuro@elmax.biz\" class=\"paragraph--m flex items-center gap-8\">biuro@elmax.biz<\/a><\/li>\n                                                                                            <li><a href=\"mailto:wrobel@elmax.biz\" class=\"paragraph--m flex items-center gap-8\">wrobel@elmax.biz<\/a><\/li>\n                                                                                            <li><a href=\"mailto:cienkiewicz@elmax.biz\" class=\"paragraph--m flex items-center gap-8\">cienkiewicz@elmax.biz<\/a><\/li>\n                                                    <\/ul>\n\n                    \n                <\/div>\n\n            <\/div>\n\n        <\/div>\n\n    <\/div>\n\n<\/section>\n","protected":false},"excerpt":{"rendered":"","protected":false},"author":2,"featured_media":213,"parent":0,"menu_order":0,"comment_status":"closed","ping_status":"closed","template":"","meta":{"_acf_changed":false,"inline_featured_image":false,"footnotes":""},"class_list":["post-10","page","type-page","status-publish","has-post-thumbnail","hentry"],"yoast_head":"<!-- This site is optimized with the Yoast SEO plugin v26.1.1 - https:\/\/yoast.com\/wordpress\/plugins\/seo\/ -->\n<title>Kontakt - Elmax - automatyka przemys\u0142owa, szafy sterownicze<\/title>\n<meta name=\"description\" content=\"elmax.biz. Elmax Automatyka sp. z.o.o. sp.k. Cienkiewicz P., Wr\u00f3bel M. ul. Boiskowa 29, 64-360 N\u0105dnia. NIP: 7881935348, REGON: 300575694. Godziny pracy: 7-15.\" \/>\n<meta name=\"robots\" content=\"index, follow, max-snippet:-1, max-image-preview:large, max-video-preview:-1\" \/>\n<link rel=\"canonical\" href=\"https:\/\/www.elmax.biz\/kontakt\/\" \/>\n<meta property=\"og:locale\" content=\"pl_PL\" \/>\n<meta property=\"og:type\" content=\"article\" \/>\n<meta property=\"og:title\" content=\"Kontakt - Elmax - automatyka przemys\u0142owa, szafy sterownicze\" \/>\n<meta property=\"og:description\" content=\"elmax.biz. Elmax Automatyka sp. z.o.o. sp.k. Cienkiewicz P., Wr\u00f3bel M. ul. Boiskowa 29, 64-360 N\u0105dnia. NIP: 7881935348, REGON: 300575694. Godziny pracy: 7-15.\" \/>\n<meta property=\"og:url\" content=\"https:\/\/www.elmax.biz\/kontakt\/\" \/>\n<meta property=\"og:site_name\" content=\"Elmax - automatyka przemys\u0142owa, szafy sterownicze\" \/>\n<meta property=\"article:modified_time\" content=\"2025-02-02T18:24:05+00:00\" \/>\n<meta property=\"og:image\" content=\"https:\/\/www.elmax.biz\/wp-content\/uploads\/2016\/07\/logo-elmax-g.png\" \/>\n\t<meta property=\"og:image:width\" content=\"200\" \/>\n\t<meta property=\"og:image:height\" content=\"82\" \/>\n\t<meta property=\"og:image:type\" content=\"image\/png\" \/>\n<meta name=\"twitter:card\" content=\"summary_large_image\" \/>\n<script type=\"application\/ld+json\" class=\"yoast-schema-graph\">{\"@context\":\"https:\/\/schema.org\",\"@graph\":[{\"@type\":\"WebPage\",\"@id\":\"https:\/\/www.elmax.biz\/kontakt\/\",\"url\":\"https:\/\/www.elmax.biz\/kontakt\/\",\"name\":\"Kontakt - Elmax - automatyka przemys\u0142owa, szafy sterownicze\",\"isPartOf\":{\"@id\":\"https:\/\/www.elmax.biz\/#website\"},\"primaryImageOfPage\":{\"@id\":\"https:\/\/www.elmax.biz\/kontakt\/#primaryimage\"},\"image\":{\"@id\":\"https:\/\/www.elmax.biz\/kontakt\/#primaryimage\"},\"thumbnailUrl\":\"https:\/\/www.elmax.biz\/wp-content\/uploads\/2016\/07\/logo-elmax-g.png\",\"datePublished\":\"2024-09-02T18:06:50+00:00\",\"dateModified\":\"2025-02-02T18:24:05+00:00\",\"description\":\"elmax.biz. Elmax Automatyka sp. z.o.o. sp.k. Cienkiewicz P., Wr\u00f3bel M. ul. Boiskowa 29, 64-360 N\u0105dnia. NIP: 7881935348, REGON: 300575694. Godziny pracy: 7-15.\",\"breadcrumb\":{\"@id\":\"https:\/\/www.elmax.biz\/kontakt\/#breadcrumb\"},\"inLanguage\":\"pl-PL\",\"potentialAction\":[{\"@type\":\"ReadAction\",\"target\":[\"https:\/\/www.elmax.biz\/kontakt\/\"]}]},{\"@type\":\"ImageObject\",\"inLanguage\":\"pl-PL\",\"@id\":\"https:\/\/www.elmax.biz\/kontakt\/#primaryimage\",\"url\":\"https:\/\/www.elmax.biz\/wp-content\/uploads\/2016\/07\/logo-elmax-g.png\",\"contentUrl\":\"https:\/\/www.elmax.biz\/wp-content\/uploads\/2016\/07\/logo-elmax-g.png\",\"width\":200,\"height\":82},{\"@type\":\"BreadcrumbList\",\"@id\":\"https:\/\/www.elmax.biz\/kontakt\/#breadcrumb\",\"itemListElement\":[{\"@type\":\"ListItem\",\"position\":1,\"name\":\"Strona g\u0142\u00f3wna\",\"item\":\"https:\/\/www.elmax.biz\/\"},{\"@type\":\"ListItem\",\"position\":2,\"name\":\"Kontakt\"}]},{\"@type\":\"WebSite\",\"@id\":\"https:\/\/www.elmax.biz\/#website\",\"url\":\"https:\/\/www.elmax.biz\/\",\"name\":\"Elmax - automatyka przemys\u0142owa, szafy sterownicze\",\"description\":\"Elmax - automatyka przemys\u0142owa, szafy sterownicze\",\"potentialAction\":[{\"@type\":\"SearchAction\",\"target\":{\"@type\":\"EntryPoint\",\"urlTemplate\":\"https:\/\/www.elmax.biz\/?s={search_term_string}\"},\"query-input\":{\"@type\":\"PropertyValueSpecification\",\"valueRequired\":true,\"valueName\":\"search_term_string\"}}],\"inLanguage\":\"pl-PL\"}]}<\/script>\n<!-- \/ Yoast SEO plugin. -->","yoast_head_json":{"title":"Kontakt - Elmax - automatyka przemys\u0142owa, szafy sterownicze","description":"elmax.biz. Elmax Automatyka sp. z.o.o. sp.k. Cienkiewicz P., Wr\u00f3bel M. ul. Boiskowa 29, 64-360 N\u0105dnia. NIP: 7881935348, REGON: 300575694. Godziny pracy: 7-15.","robots":{"index":"index","follow":"follow","max-snippet":"max-snippet:-1","max-image-preview":"max-image-preview:large","max-video-preview":"max-video-preview:-1"},"canonical":"https:\/\/www.elmax.biz\/kontakt\/","og_locale":"pl_PL","og_type":"article","og_title":"Kontakt - Elmax - automatyka przemys\u0142owa, szafy sterownicze","og_description":"elmax.biz. Elmax Automatyka sp. z.o.o. sp.k. Cienkiewicz P., Wr\u00f3bel M. ul. Boiskowa 29, 64-360 N\u0105dnia. NIP: 7881935348, REGON: 300575694. Godziny pracy: 7-15.","og_url":"https:\/\/www.elmax.biz\/kontakt\/","og_site_name":"Elmax - automatyka przemys\u0142owa, szafy sterownicze","article_modified_time":"2025-02-02T18:24:05+00:00","og_image":[{"width":200,"height":82,"url":"https:\/\/www.elmax.biz\/wp-content\/uploads\/2016\/07\/logo-elmax-g.png","type":"image\/png"}],"twitter_card":"summary_large_image","schema":{"@context":"https:\/\/schema.org","@graph":[{"@type":"WebPage","@id":"https:\/\/www.elmax.biz\/kontakt\/","url":"https:\/\/www.elmax.biz\/kontakt\/","name":"Kontakt - Elmax - automatyka przemys\u0142owa, szafy sterownicze","isPartOf":{"@id":"https:\/\/www.elmax.biz\/#website"},"primaryImageOfPage":{"@id":"https:\/\/www.elmax.biz\/kontakt\/#primaryimage"},"image":{"@id":"https:\/\/www.elmax.biz\/kontakt\/#primaryimage"},"thumbnailUrl":"https:\/\/www.elmax.biz\/wp-content\/uploads\/2016\/07\/logo-elmax-g.png","datePublished":"2024-09-02T18:06:50+00:00","dateModified":"2025-02-02T18:24:05+00:00","description":"elmax.biz. Elmax Automatyka sp. z.o.o. sp.k. Cienkiewicz P., Wr\u00f3bel M. ul. Boiskowa 29, 64-360 N\u0105dnia. NIP: 7881935348, REGON: 300575694. Godziny pracy: 7-15.","breadcrumb":{"@id":"https:\/\/www.elmax.biz\/kontakt\/#breadcrumb"},"inLanguage":"pl-PL","potentialAction":[{"@type":"ReadAction","target":["https:\/\/www.elmax.biz\/kontakt\/"]}]},{"@type":"ImageObject","inLanguage":"pl-PL","@id":"https:\/\/www.elmax.biz\/kontakt\/#primaryimage","url":"https:\/\/www.elmax.biz\/wp-content\/uploads\/2016\/07\/logo-elmax-g.png","contentUrl":"https:\/\/www.elmax.biz\/wp-content\/uploads\/2016\/07\/logo-elmax-g.png","width":200,"height":82},{"@type":"BreadcrumbList","@id":"https:\/\/www.elmax.biz\/kontakt\/#breadcrumb","itemListElement":[{"@type":"ListItem","position":1,"name":"Strona g\u0142\u00f3wna","item":"https:\/\/www.elmax.biz\/"},{"@type":"ListItem","position":2,"name":"Kontakt"}]},{"@type":"WebSite","@id":"https:\/\/www.elmax.biz\/#website","url":"https:\/\/www.elmax.biz\/","name":"Elmax - automatyka przemys\u0142owa, szafy sterownicze","description":"Elmax - automatyka przemys\u0142owa, szafy sterownicze","potentialAction":[{"@type":"SearchAction","target":{"@type":"EntryPoint","urlTemplate":"https:\/\/www.elmax.biz\/?s={search_term_string}"},"query-input":{"@type":"PropertyValueSpecification","valueRequired":true,"valueName":"search_term_string"}}],"inLanguage":"pl-PL"}]}},"acf":[],"gutenberg_blocks":[{"blockName":"custom-styles","attrs":{"styles":""}},{"blockName":"acf\/page-header","attrs":{"name":"acf\/page-header","data":{"title_heading_text":"Pozosta\u0144myw kontakcie","_title_heading_text":"field_638627ccced84","title_heading_variant":"h2","_title_heading_variant":"field_63862847ced86","title_extra_classes":"","_title_extra_classes":"field_638628eeced88","title":"","_title":"field_67095b414d6c0","description":"Lorem ipsum dolor sit amet, consectetur adipiscing elit. Nunc rhoncus mauris purus, non ultrices nisi volutpat et. Integer ut libero lectus. Pellentesque eu felis tellus.","_description":"field_67095b8b4d6c4","image":"","_image":"field_67095c024d6c7","section_number":"1","_section_number":"field_67095b284d6bf","is_company_statistics_displayed":"0","_is_company_statistics_displayed":"field_67095c194d6c9","is_pattern_disaplyed":"0","_is_pattern_disaplyed":"field_67096d1f4d988"},"mode":"edit"},"innerBlocks":[],"innerHTML":"","innerContent":[]},{"blockName":"acf\/google-map","attrs":{"name":"acf\/google-map","data":{"which_map_displayed":"google_map","_which_map_displayed":"field_642bfdc84e484","gm_api_key":"AIzaSyBa7F8VpSSC0Jr3HISLn8JbwwpkUdHcu8c","_gm_api_key":"field_642c10dc1e2c8","latitude":"52.25234799036656","_latitude":"field_642bfec855a19","longitude":"15.876288081486484","_longitude":"field_642bff1fcedbf","marker_icon":489,"_marker_icon":"field_642c111b1e2c9"},"mode":"edit"},"innerBlocks":[],"innerHTML":"","innerContent":[]}],"meta_data":{"container":""},"_links":{"self":[{"href":"https:\/\/www.elmax.biz\/index.php\/wp-json\/wp\/v2\/pages\/10","targetHints":{"allow":["GET"]}}],"collection":[{"href":"https:\/\/www.elmax.biz\/index.php\/wp-json\/wp\/v2\/pages"}],"about":[{"href":"https:\/\/www.elmax.biz\/index.php\/wp-json\/wp\/v2\/types\/page"}],"author":[{"embeddable":true,"href":"https:\/\/www.elmax.biz\/index.php\/wp-json\/wp\/v2\/users\/2"}],"replies":[{"embeddable":true,"href":"https:\/\/www.elmax.biz\/index.php\/wp-json\/wp\/v2\/comments?post=10"}],"version-history":[{"count":4,"href":"https:\/\/www.elmax.biz\/index.php\/wp-json\/wp\/v2\/pages\/10\/revisions"}],"predecessor-version":[{"id":490,"href":"https:\/\/www.elmax.biz\/index.php\/wp-json\/wp\/v2\/pages\/10\/revisions\/490"}],"wp:featuredmedia":[{"embeddable":true,"href":"https:\/\/www.elmax.biz\/index.php\/wp-json\/wp\/v2\/media\/213"}],"wp:attachment":[{"href":"https:\/\/www.elmax.biz\/index.php\/wp-json\/wp\/v2\/media?parent=10"}],"curies":[{"name":"wp","href":"https:\/\/api.w.org\/{rel}","templated":true}]}}